{"id":10,"date":"2016-05-05T22:10:13","date_gmt":"2016-05-05T20:10:13","guid":{"rendered":"http:\/\/www.stortech.sk\/?page_id=10"},"modified":"2019-08-03T17:52:16","modified_gmt":"2019-08-03T15:52:16","slug":"domov","status":"publish","type":"page","link":"https:\/\/www.stortech.sk\/","title":{"rendered":"DOMOV"},"content":{"rendered":"<h2>Vitajte na str\u00e1nkach spolo\u010dnosti STORTECH.<\/h2>\n<h4>Kliknut\u00edm na ktor\u00fdko\u013evek z prezentovan\u00fdch obr\u00e1zkov sa dozviete viac.  <\/h4>\n<div id=\"metaslider-id-5\" style=\"max-width: 1024px;\" class=\"ml-slider-3-80-0 metaslider metaslider-responsive metaslider-5 ml-slider ms-theme-default\" role=\"region\" aria-roledescription=\"Slideshow\" aria-label=\"Slajdy na &quot;DOMOV&quot;\">\n    <div id=\"metaslider_container_5\">\n        <ul id='metaslider_5' class='rslides'>\n            <li aria-roledescription='slide' aria-labelledby='slide-0'><a href=\"http:\/\/www.stortech.sk\/?page_id=147\" target=\"_self\"><img loading=\"lazy\" decoding=\"async\" src=\"https:\/\/www.stortech.sk\/wp-content\/uploads\/2016\/05\/Paletove-regaly.jpg\" height=\"683\" width=\"1024\" alt=\"Paletov\u00e9 reg\u00e1ly\" class=\"slider-5 slide-6\" title=\"Paletov\u00e9 reg\u00e1ly\" \/><div class=\"caption-wrap\"><div class=\"caption\">Paletov\u00e9 reg\u00e1ly<\/div><\/div><\/a><\/li>\n            <li style='display: none;' aria-roledescription='slide' aria-labelledby='slide-1'><a href=\"http:\/\/www.stortech.sk\/?page_id=155 \" target=\"_self\"><img loading=\"lazy\" decoding=\"async\" src=\"https:\/\/www.stortech.sk\/wp-content\/uploads\/2016\/05\/policove-reg_5-1000x666.jpg\" height=\"683\" width=\"1024\" alt=\"Policov\u00e9 reg\u00e1ly\" class=\"slider-5 slide-158\" title=\"Policov\u00e9 reg\u00e1ly\" \/><div class=\"caption-wrap\"><div class=\"caption\">Policov\u00e9 reg\u00e1ly<\/div><\/div><\/a><\/li>\n            <li style='display: none;' aria-roledescription='slide' aria-labelledby='slide-2'><a href=\"http:\/\/www.stortech.sk\/?page_id=162\" target=\"_self\"><img loading=\"lazy\" decoding=\"async\" src=\"https:\/\/www.stortech.sk\/wp-content\/uploads\/2019\/08\/Spadovy-reg\u00e1l.jpg\" height=\"683\" width=\"1024\" alt=\"Sp\u00e1dov\u00e9 reg\u00e1ly\" class=\"slider-5 slide-209\" title=\"Sp\u00e1dov\u00e9 reg\u00e1ly\" \/><div class=\"caption-wrap\"><div class=\"caption\">Sp\u00e1dov\u00e9 reg\u00e1ly<\/div><\/div><\/a><\/li>\n            <li style='display: none;' aria-roledescription='slide' aria-labelledby='slide-3'><a href=\"http:\/\/www.stortech.sk\/?page_id=168\" target=\"_self\"><img loading=\"lazy\" decoding=\"async\" src=\"https:\/\/www.stortech.sk\/wp-content\/uploads\/2016\/05\/Vjazdove-regaly.jpg\" height=\"683\" width=\"1024\" alt=\"Vjazdov\u00e9 reg\u00e1ly\" class=\"slider-5 slide-23\" title=\"Vjazdov\u00e9 reg\u00e1ly\" \/><div class=\"caption-wrap\"><div class=\"caption\">Vjazdov\u00e9 reg\u00e1ly<\/div><\/div><\/a><\/li>\n            <li style='display: none;' aria-roledescription='slide' aria-labelledby='slide-4'><a href=\"http:\/\/www.stortech.sk\/?page_id=173\" target=\"_self\"><img loading=\"lazy\" decoding=\"async\" src=\"https:\/\/www.stortech.sk\/wp-content\/uploads\/2016\/05\/Sioke-policove-reg-854x569.jpg\" height=\"683\" width=\"1024\" alt=\"\u0160irok\u00e9 policov\u00e9 reg\u00e1ly\" class=\"slider-5 slide-24\" title=\"\u0160irok\u00e9 policov\u00e9 reg\u00e1ly\" \/><div class=\"caption-wrap\"><div class=\"caption\">\u0160irok\u00e9 policov\u00e9 reg\u00e1ly<\/div><\/div><\/a><\/li>\n            <li style='display: none;' aria-roledescription='slide' aria-labelledby='slide-5'><a href=\"http:\/\/www.stortech.sk\/?page_id=180\" target=\"_self\"><img loading=\"lazy\" decoding=\"async\" src=\"https:\/\/www.stortech.sk\/wp-content\/uploads\/2016\/05\/Konstrukcia-plosin.jpg\" height=\"683\" width=\"1024\" alt=\"Kon\u0161trukcia plo\u0161\u00edn\" class=\"slider-5 slide-25\" title=\"Kon\u0161trukcia plo\u0161\u00edn\" \/><div class=\"caption-wrap\"><div class=\"caption\">Kon\u0161trukcia plo\u0161\u00edn<\/div><\/div><\/a><\/li>\n        <\/ul>\n        \n    <\/div>\n<\/div>\n","protected":false},"excerpt":{"rendered":"<p>Vitajte na str\u00e1nkach spolo\u010dnosti STORTECH. Kliknut\u00edm na ktor\u00fdko\u013evek z prezentovan\u00fdch obr\u00e1zkov sa dozviete viac.<\/p>\n","protected":false},"author":1,"featured_media":0,"parent":0,"menu_order":0,"comment_status":"closed","ping_status":"closed","template":"full-width-page.php","meta":{"footnotes":""},"aioseo_notices":[],"_links":{"self":[{"href":"https:\/\/www.stortech.sk\/index.php?rest_route=\/wp\/v2\/pages\/10"}],"collection":[{"href":"https:\/\/www.stortech.sk\/index.php?rest_route=\/wp\/v2\/pages"}],"about":[{"href":"https:\/\/www.stortech.sk\/index.php?rest_route=\/wp\/v2\/types\/page"}],"author":[{"embeddable":true,"href":"https:\/\/www.stortech.sk\/index.php?rest_route=\/wp\/v2\/users\/1"}],"replies":[{"embeddable":true,"href":"https:\/\/www.stortech.sk\/index.php?rest_route=%2Fwp%2Fv2%2Fcomments&post=10"}],"version-history":[{"count":6,"href":"https:\/\/www.stortech.sk\/index.php?rest_route=\/wp\/v2\/pages\/10\/revisions"}],"predecessor-version":[{"id":20,"href":"https:\/\/www.stortech.sk\/index.php?rest_route=\/wp\/v2\/pages\/10\/revisions\/20"}],"wp:attachment":[{"href":"https:\/\/www.stortech.sk\/index.php?rest_route=%2Fwp%2Fv2%2Fmedia&parent=10"}],"curies":[{"name":"wp","href":"https:\/\/api.w.org\/{rel}","templated":true}]}}