{"id":147,"date":"2016-05-15T22:03:58","date_gmt":"2016-05-15T20:03:58","guid":{"rendered":"http:\/\/www.stortech.sk\/?page_id=147"},"modified":"2024-04-30T20:36:02","modified_gmt":"2024-04-30T18:36:02","slug":"paletove-regaly-2","status":"publish","type":"page","link":"https:\/\/www.stortech.sk\/?page_id=147","title":{"rendered":"Paletov\u00e9 reg\u00e1ly"},"content":{"rendered":"\n<h2>Paletov\u00e9 reg\u00e1ly<\/h2>\n\t<iframe loading=\"lazy\" width=\"475\" height=\"267\" src=\"https:\/\/www.youtube.com\/embed\/zYRpGj319CU?rel=0&#038;showinfo=0\" frameborder=\"0\" allowfullscreen><\/iframe>\n\t<p><a href=\"http:\/\/www.stortech.sk\/?page_id=147\"><strong>\u25baPaletov\u00e9 reg\u00e1ly<\/strong><\/a><br \/> <a href=\"http:\/\/www.stortech.sk\/?page_id=155\"><strong>\u25baPolicov\u00e9 reg\u00e1ly<\/strong><\/a><br \/> <a href=\"http:\/\/www.stortech.sk\/?page_id=162\"><strong>\u25baSp\u00e1dov\u00e9 reg\u00e1ly<\/strong><\/a><br \/> <a href=\"http:\/\/www.stortech.sk\/?page_id=168\"><strong>\u25baVjazdov\u00e9 reg\u00e1ly<\/strong><\/a><br \/> <a href=\"http:\/\/www.stortech.sk\/?page_id=173\"><strong>\u25ba\u0160irok\u00e9 policov\u00e9 reg\u00e1ly<\/strong><\/a><br \/> <a href=\"http:\/\/www.stortech.sk\/?page_id=180\"><strong>\u25baKon\u0161trukcia plo\u0161\u00edn<\/strong><\/a><br \/> <a href=\"http:\/\/www.stortech.sk\/?page_id=184\"><strong>\u25baShuttle<\/strong><\/a><\/p>\n\t\t\t\t<a href=\"https:\/\/www.stortech.sk\/wp-content\/uploads\/2016\/05\/Paletove-regaly-1.jpg\" target=\"_self\" itemprop=\"url\" rel=\"noopener\">\n\t\t\t\t<img decoding=\"async\" src=\"http:\/\/www.stortech.sk\/wp-content\/uploads\/2016\/05\/Paletove-regaly-1.jpg\" alt=\"Paletov\u00e9 reg\u00e1ly\" itemprop=\"image\" title=\"Paletov\u00e9 reg\u00e1ly\" onerror=\"this.style.display='none'\"  \/>\n\t\t\t\t<\/a>\n\t\t\t\t\t\tPaletov\u00e9 reg\u00e1ly\n\t<p><strong>Na\u0161e paletov\u00e9 reg\u00e1ly umo\u017e\u0148uj\u00fa priamy pr\u00edstup ku ka\u017edej bunke a palete. Paletov\u00fd reg\u00e1l v\u00e1m navrhneme na mieru pri\u010dom zoh\u013ead\u0148ujeme typ palety, jej v\u00e1hu, tovar, ktor\u00fd by mohol z palety vypadn\u00fa\u0165 i po\u017eadovan\u00fa h\u013abku ulo\u017eenia. Hlavn\u00fdm pr\u00ednosom pre v\u00e1s bude:<\/strong><br \/> <strong>\u25cf komplexn\u00fd sortiment reg\u00e1lov vhodn\u00fdch pre skladovanie celej \u0161k\u00e1ly paliet od \u013eahk\u00fdch a\u017e po ve\u013emi \u0165a\u017ek\u00e9<\/strong><br \/> <strong>\u25cf mno\u017estvo vari\u00e1cii tvoren\u00fdch z\u00e1kladn\u00fdmi komponentmi a pr\u00edslu\u0161enstvom<\/strong><br \/> <strong>\u25cf n\u00e1vrhy \u0161pecifick\u00fdch rie\u0161en\u00ed pod\u013ea potrieb z\u00e1kazn\u00edka<\/strong><br \/> <strong>Toto rie\u0161enie je mo\u017en\u00e9 jednoducho kombinova\u0165 so syst\u00e9mom plo\u0161\u00edn, val\u010dekov\u00fdmi posuvn\u00fdmi reg\u00e1lmi, policov\u00fdmi reg\u00e1lmi a\/alebo \u0161irok\u00fdmi policov\u00fdmi reg\u00e1lmi. Bez probl\u00e9mov m\u00f4\u017ee by\u0165 s\u00fa\u010das\u0165ou automatizovan\u00e9ho skladu. Radi v\u00e1m pon\u00fakneme vhodn\u00e9 rie\u0161enie<\/strong>.<\/p>\n\n","protected":false},"excerpt":{"rendered":"<p>Paletov\u00e9 reg\u00e1ly \u25baPaletov\u00e9 reg\u00e1ly \u25baPolicov\u00e9 reg\u00e1ly \u25baSp\u00e1dov\u00e9 reg\u00e1ly \u25baVjazdov\u00e9 reg\u00e1ly \u25ba\u0160irok\u00e9 policov\u00e9 reg\u00e1ly \u25baKon\u0161trukcia plo\u0161\u00edn \u25baShuttle Paletov\u00e9 reg\u00e1ly Na\u0161e paletov\u00e9 reg\u00e1ly umo\u017e\u0148uj\u00fa priamy pr\u00edstup ku ka\u017edej bunke a palete. Paletov\u00fd reg\u00e1l v\u00e1m navrhneme na mieru pri\u010dom zoh\u013ead\u0148ujeme typ palety, jej v\u00e1hu, tovar, ktor\u00fd by mohol z palety vypadn\u00fa\u0165 i po\u017eadovan\u00fa h\u013abku ulo\u017eenia. Hlavn\u00fdm pr\u00ednosom pre <a class=\"moretag\" href=\"https:\/\/www.stortech.sk\/?page_id=147\">Read More &#8230;<\/a><\/p>\n","protected":false},"author":1,"featured_media":0,"parent":0,"menu_order":0,"comment_status":"closed","ping_status":"closed","template":"full-width-page.php","meta":{"footnotes":""},"aioseo_notices":[],"_links":{"self":[{"href":"https:\/\/www.stortech.sk\/index.php?rest_route=\/wp\/v2\/pages\/147"}],"collection":[{"href":"https:\/\/www.stortech.sk\/index.php?rest_route=\/wp\/v2\/pages"}],"about":[{"href":"https:\/\/www.stortech.sk\/index.php?rest_route=\/wp\/v2\/types\/page"}],"author":[{"embeddable":true,"href":"https:\/\/www.stortech.sk\/index.php?rest_route=\/wp\/v2\/users\/1"}],"replies":[{"embeddable":true,"href":"https:\/\/www.stortech.sk\/index.php?rest_route=%2Fwp%2Fv2%2Fcomments&post=147"}],"version-history":[{"count":7,"href":"https:\/\/www.stortech.sk\/index.php?rest_route=\/wp\/v2\/pages\/147\/revisions"}],"predecessor-version":[{"id":234,"href":"https:\/\/www.stortech.sk\/index.php?rest_route=\/wp\/v2\/pages\/147\/revisions\/234"}],"wp:attachment":[{"href":"https:\/\/www.stortech.sk\/index.php?rest_route=%2Fwp%2Fv2%2Fmedia&parent=147"}],"curies":[{"name":"wp","href":"https:\/\/api.w.org\/{rel}","templated":true}]}}