{"id":155,"date":"2016-05-15T22:52:27","date_gmt":"2016-05-15T20:52:27","guid":{"rendered":"http:\/\/www.stortech.sk\/?page_id=155"},"modified":"2024-05-12T18:20:41","modified_gmt":"2024-05-12T16:20:41","slug":"paletove-regaly-2-2","status":"publish","type":"page","link":"https:\/\/www.stortech.sk\/?page_id=155","title":{"rendered":"Policov\u00e9 reg\u00e1ly"},"content":{"rendered":"\n<h2>Policov\u00e9 reg\u00e1ly<\/h2>\n\t<meta itemprop=\"url\" content=\"https:\/\/www.stortech.sk\/wp-content\/uploads\/2024\/05\/policovy-regal-NEDCON-Shelving-systems-3D-animation.mp4\" \/><div style=\"width: 640px;\" class=\"wp-video\"><!--[if lt IE 9]><script>document.createElement('video');<\/script><![endif]-->\n<video class=\"wp-video-shortcode\" id=\"video-155-1\" width=\"640\" height=\"360\" preload=\"metadata\" controls=\"controls\"><source type=\"video\/mp4\" src=\"https:\/\/www.stortech.sk\/wp-content\/uploads\/2024\/05\/policovy-regal-NEDCON-Shelving-systems-3D-animation.mp4?_=1\" \/><a href=\"https:\/\/www.stortech.sk\/wp-content\/uploads\/2024\/05\/policovy-regal-NEDCON-Shelving-systems-3D-animation.mp4\">https:\/\/www.stortech.sk\/wp-content\/uploads\/2024\/05\/policovy-regal-NEDCON-Shelving-systems-3D-animation.mp4<\/a><\/video><\/div>\n\t<a href=\"http:\/\/www.stortech.sk\/?page_id=147\"><strong>\u25baPaletov\u00e9 reg\u00e1ly<\/strong><\/a><br \/>\n<a href=\"http:\/\/www.stortech.sk\/?page_id=155\"><strong>\u25baPolicov\u00e9 reg\u00e1ly<\/strong><\/a><br \/>\n<a href=\"http:\/\/www.stortech.sk\/?page_id=162\"><strong>\u25baSp\u00e1dov\u00e9 reg\u00e1ly<\/strong><\/a><br \/>\n<a href=\"http:\/\/www.stortech.sk\/?page_id=168\"><strong>\u25baVjazdov\u00e9 reg\u00e1ly<\/strong><\/a><br \/>\n<a href=\"http:\/\/www.stortech.sk\/?page_id=173\"><strong>\u25ba\u0160irok\u00e9 policov\u00e9 reg\u00e1ly<\/strong><\/a><br \/>\n<a href=\"http:\/\/www.stortech.sk\/?page_id=180\"><strong>\u25baKon\u0161trukcia plo\u0161\u00edn<\/strong><\/a><br \/>\n<a href=\"http:\/\/www.stortech.sk\/?page_id=184\"><strong>\u25baShuttle<\/strong><\/a>\n\t\t\t\t<a href=\"https:\/\/www.stortech.sk\/wp-content\/uploads\/2016\/05\/policove-reg_5.jpg\" target=\"_self\" itemprop=\"url\" rel=\"noopener\">\n\t\t\t\t<img decoding=\"async\" src=\"http:\/\/www.stortech.sk\/wp-content\/uploads\/2016\/05\/policove-reg_5.jpg\" alt=\"Policov\u00e9 reg\u00e1ly\" itemprop=\"image\" title=\"Policov\u00e9 reg\u00e1ly\" onerror=\"this.style.display='none'\"  \/>\n\t\t\t\t<\/a>\n\t\t\t\t\t\tPolicov\u00e9 reg\u00e1ly\n\t<p><strong>Pokia\u013e chcete skladova\u0165 drobn\u00fd tovar s dosiahnut\u00edm maxim\u00e1lnej flexibility s\u00fa rie\u0161en\u00edm na\u0161e policov\u00e9 reg\u00e1ly. Existuj\u00fa v mnoh\u00fdch ve\u013ekostiach a variantoch a s\u00fa ide\u00e1lne pre vysklad\u0148ovanie tovaru pod\u013ea objedn\u00e1vok a pre sklady n\u00e1hradn\u00fdch dielov. Hlavn\u00fdmi pr\u00ednosmi s\u00fa:<br \/>\u25cf \u0161tandardn\u00e1 nastavite\u013enos\u0165 pol\u00edc po 25 mm<br \/>\u25cf \u0161tandardn\u00e9 zvisl\u00e9 d\u013a\u017eky a\u017e 14 metrov<br \/>\u25cf extra \u0161irok\u00e9 police<br \/>\u25cf pou\u017eitie odde\u013eova\u010dov pre ukladanie a odber volne ulo\u017een\u00e9ho drobn\u00e9ho tovaru<br \/>\u25cf rozsiahly sortiment pr\u00edslu\u0161enstva pre r\u00f4zne mo\u017enost skladovania<br \/>Toto rie\u0161enie m\u00f4\u017eeme jednoducho kombinova\u0165 s paletov\u00fdmi reg\u00e1lmi, val\u010dekov\u00fdmi posuvn\u00fdmi reg\u00e1lmi, pr\u00edpadne s postaven\u00edm ve\u013ek\u00fdch policov\u00fdch reg\u00e1lov.<br \/>Pokia\u013e chcete automatizova\u0165 skladovanie a prekl\u00e1dky v\u00e1\u0161ho drobn\u00e9ho tovaru, tak v\u00e1m vieme pom\u00f4c\u0165. Tu n\u00e1jdete \u010fal\u0161ie inform\u00e1cie o na\u0161om automatickom skladovacom syst\u00e9me pre drobn\u00fd tovar.<\/strong><\/p>\n\n","protected":false},"excerpt":{"rendered":"<p>Policov\u00e9 reg\u00e1ly \u25baPaletov\u00e9 reg\u00e1ly \u25baPolicov\u00e9 reg\u00e1ly \u25baSp\u00e1dov\u00e9 reg\u00e1ly \u25baVjazdov\u00e9 reg\u00e1ly \u25ba\u0160irok\u00e9 policov\u00e9 reg\u00e1ly \u25baKon\u0161trukcia plo\u0161\u00edn \u25baShuttle Policov\u00e9 reg\u00e1ly Pokia\u013e chcete skladova\u0165 drobn\u00fd tovar s dosiahnut\u00edm maxim\u00e1lnej flexibility s\u00fa rie\u0161en\u00edm na\u0161e policov\u00e9 reg\u00e1ly. Existuj\u00fa v mnoh\u00fdch ve\u013ekostiach a variantoch a s\u00fa ide\u00e1lne pre vysklad\u0148ovanie tovaru pod\u013ea objedn\u00e1vok a pre sklady n\u00e1hradn\u00fdch dielov. Hlavn\u00fdmi pr\u00ednosmi s\u00fa:\u25cf \u0161tandardn\u00e1 <a class=\"moretag\" href=\"https:\/\/www.stortech.sk\/?page_id=155\">Read More &#8230;<\/a><\/p>\n","protected":false},"author":1,"featured_media":0,"parent":0,"menu_order":0,"comment_status":"closed","ping_status":"closed","template":"full-width-page.php","meta":{"footnotes":""},"aioseo_notices":[],"_links":{"self":[{"href":"https:\/\/www.stortech.sk\/index.php?rest_route=\/wp\/v2\/pages\/155"}],"collection":[{"href":"https:\/\/www.stortech.sk\/index.php?rest_route=\/wp\/v2\/pages"}],"about":[{"href":"https:\/\/www.stortech.sk\/index.php?rest_route=\/wp\/v2\/types\/page"}],"author":[{"embeddable":true,"href":"https:\/\/www.stortech.sk\/index.php?rest_route=\/wp\/v2\/users\/1"}],"replies":[{"embeddable":true,"href":"https:\/\/www.stortech.sk\/index.php?rest_route=%2Fwp%2Fv2%2Fcomments&post=155"}],"version-history":[{"count":10,"href":"https:\/\/www.stortech.sk\/index.php?rest_route=\/wp\/v2\/pages\/155\/revisions"}],"predecessor-version":[{"id":252,"href":"https:\/\/www.stortech.sk\/index.php?rest_route=\/wp\/v2\/pages\/155\/revisions\/252"}],"wp:attachment":[{"href":"https:\/\/www.stortech.sk\/index.php?rest_route=%2Fwp%2Fv2%2Fmedia&parent=155"}],"curies":[{"name":"wp","href":"https:\/\/api.w.org\/{rel}","templated":true}]}}