{"id":162,"date":"2016-05-15T23:16:41","date_gmt":"2016-05-15T21:16:41","guid":{"rendered":"http:\/\/www.stortech.sk\/?page_id=162"},"modified":"2019-08-03T18:32:42","modified_gmt":"2019-08-03T16:32:42","slug":"paletove-regaly-2-2-2","status":"publish","type":"page","link":"https:\/\/www.stortech.sk\/?page_id=162","title":{"rendered":"Sp\u00e1dov\u00e9 reg\u00e1ly"},"content":{"rendered":"<h2>Sp\u00e1dov\u00e9 reg\u00e1ly<\/h2>\n<p><strong>Pre tovar na palet\u00e1ch i pre drobn\u00fd tovar pon\u00fakame valcov\u00e9 posuvn\u00e9 reg\u00e1ly na mieru.<\/strong><br \/><strong>Paletizovan\u00fd tovar<\/strong><br \/><strong>S pou\u017eit\u00edm sp\u00e1dov\u00fdch reg\u00e1lov mo\u017eno dosiahnu\u0165 r\u00fdchlej obr\u00e1tkovosti tovaru. Pod\u013ea v\u00e1hy paliet vieme nastavi\u0165 ich optim\u00e1lnu r\u00fdchlos\u0165. Pokia\u013e je treba, vieme zaisti\u0165:<\/strong><br \/><strong>\u25cf First in Firstout princ\u00edp (FIFO)<\/strong><br \/><strong>\u25cf pushback mo\u017enosti (Last in, first out \u2013 LIFO)<\/strong><br \/><strong>\u25cf kombin\u00e1ciu v\u00fddaja pod\u013ea objedn\u00e1vok so syst\u00e9mom plo\u0161\u00edn<\/strong><br \/><strong>\u25cf bezpe\u010dnostn\u00e9 prvky na zabr\u00e1nenie hromadenia paliet<\/strong><br \/><strong>\u25cf upraven\u00e9 val\u010dekov\u00e9 dr\u00e1hy pre vysok\u00e9 za\u0165a\u017eenie<\/strong><\/p>\n<p><a href=\"http:\/\/www.stortech.sk\/?page_id=147\"><strong>\u25baPaletov\u00e9 reg\u00e1ly<\/strong><\/a><br \/>\n<a href=\"http:\/\/www.stortech.sk\/?page_id=155\"><strong>\u25baPolicov\u00e9 reg\u00e1ly<\/strong><\/a><br \/>\n<a href=\"http:\/\/www.stortech.sk\/?page_id=162\"><strong>\u25baSp\u00e1dov\u00e9 reg\u00e1ly<\/strong><\/a><br \/>\n<a href=\"http:\/\/www.stortech.sk\/?page_id=168\"><strong>\u25baVjazdov\u00e9 reg\u00e1ly<\/strong><\/a><br \/>\n<a href=\"http:\/\/www.stortech.sk\/?page_id=173\"><strong>\u25ba\u0160irok\u00e9 policov\u00e9 reg\u00e1ly<\/strong><\/a><br \/>\n<a href=\"http:\/\/www.stortech.sk\/?page_id=180\"><strong>\u25baKon\u0161trukcia plo\u0161\u00edn<\/strong><\/a><br \/>\n<a href=\"http:\/\/www.stortech.sk\/?page_id=184\"><strong>\u25baShuttle<\/strong><\/a><\/p>\n<p>\t\t\t\t<a href=\"http:\/\/www.stortech.sk\/wp-content\/uploads\/2019\/08\/Spadovy-reg\u00e1l.jpg\" target=\"_self\" itemprop=\"url\"><br \/>\n\t\t\t\t<img decoding=\"async\" src=\"http:\/\/www.stortech.sk\/wp-content\/uploads\/2019\/08\/Spadovy-reg\u00e1l.jpg\" alt=\"Sp\u00e1dov\u00e9 reg\u00e1ly\" itemprop=\"image\"  \/><br \/>\n\t\t\t\t<\/a><br \/>\n\t\t\t\tSp\u00e1dov\u00e9 reg\u00e1ly<\/p>\n<p><strong><br \/> Drobn\u00fd tovar<br \/> Sp\u00e1dov\u00e9 reg\u00e1ly s\u00fa ide\u00e1lnym syst\u00e9mom pre odoberanie drobn\u00e9ho tovaru, v\u010faka \u010domu m\u00f4\u017eete z\u00edska\u0165:<br \/> \u25cf ergonomick\u00e9 a kompaktn\u00e9 odbern\u00e9 miesta<br \/> \u25cf vysok\u00fa nosnos\u0165 profilov val\u010dekov\u00fdch dr\u00e1h<br \/> \u25cf jednoduch\u00e9 oddelenie jednotliv\u00fdch sekci\u00ed val\u010dekov\u00fdch dr\u00e1h<br \/> \u25cf kontrolu nad tokom tovaru<br \/> Toto rie\u0161enie je mo\u017en\u00e9 kombinova\u0165 s paletov\u00fdmi reg\u00e1lmi, policov\u00fdmi reg\u00e1lmi pr\u00edpadne so \u0161irok\u00fdmi policov\u00fdmi reg\u00e1lmi.<br \/> Pokia\u013e chcete automatizova\u0165 skladovanie a vysklad\u0148ovanie drobn\u00e9ho tovaru, radi v\u00e1m porad\u00edme. Tu najdete \u010fa\u013e\u0161ie inform\u00e1cie o na\u0161om automatickom skladovacom syst\u00e9me pre drobn\u00fd tovar.<\/strong><\/p>\n","protected":false},"excerpt":{"rendered":"<p>Sp\u00e1dov\u00e9 reg\u00e1ly Pre tovar na palet\u00e1ch i pre drobn\u00fd tovar pon\u00fakame valcov\u00e9 posuvn\u00e9 reg\u00e1ly na mieru.Paletizovan\u00fd tovarS pou\u017eit\u00edm sp\u00e1dov\u00fdch reg\u00e1lov mo\u017eno dosiahnu\u0165 r\u00fdchlej obr\u00e1tkovosti tovaru. Pod\u013ea v\u00e1hy paliet vieme nastavi\u0165 ich optim\u00e1lnu r\u00fdchlos\u0165. Pokia\u013e je treba, vieme zaisti\u0165:\u25cf First in Firstout princ\u00edp (FIFO)\u25cf pushback mo\u017enosti (Last in, first out \u2013 LIFO)\u25cf kombin\u00e1ciu v\u00fddaja pod\u013ea objedn\u00e1vok <a class=\"moretag\" href=\"https:\/\/www.stortech.sk\/?page_id=162\">Read More &#8230;<\/a><\/p>\n","protected":false},"author":1,"featured_media":0,"parent":0,"menu_order":0,"comment_status":"closed","ping_status":"closed","template":"full-width-page.php","meta":{"footnotes":""},"aioseo_notices":[],"_links":{"self":[{"href":"https:\/\/www.stortech.sk\/index.php?rest_route=\/wp\/v2\/pages\/162"}],"collection":[{"href":"https:\/\/www.stortech.sk\/index.php?rest_route=\/wp\/v2\/pages"}],"about":[{"href":"https:\/\/www.stortech.sk\/index.php?rest_route=\/wp\/v2\/types\/page"}],"author":[{"embeddable":true,"href":"https:\/\/www.stortech.sk\/index.php?rest_route=\/wp\/v2\/users\/1"}],"replies":[{"embeddable":true,"href":"https:\/\/www.stortech.sk\/index.php?rest_route=%2Fwp%2Fv2%2Fcomments&post=162"}],"version-history":[{"count":5,"href":"https:\/\/www.stortech.sk\/index.php?rest_route=\/wp\/v2\/pages\/162\/revisions"}],"predecessor-version":[{"id":210,"href":"https:\/\/www.stortech.sk\/index.php?rest_route=\/wp\/v2\/pages\/162\/revisions\/210"}],"wp:attachment":[{"href":"https:\/\/www.stortech.sk\/index.php?rest_route=%2Fwp%2Fv2%2Fmedia&parent=162"}],"curies":[{"name":"wp","href":"https:\/\/api.w.org\/{rel}","templated":true}]}}