{"id":168,"date":"2016-05-16T17:48:42","date_gmt":"2016-05-16T15:48:42","guid":{"rendered":"http:\/\/www.stortech.sk\/?page_id=168"},"modified":"2016-05-16T19:01:20","modified_gmt":"2016-05-16T17:01:20","slug":"paletove-regaly-2-3","status":"publish","type":"page","link":"https:\/\/www.stortech.sk\/?page_id=168","title":{"rendered":"Vjazdov\u00e9 reg\u00e1ly"},"content":{"rendered":"<h2>Vjazdov\u00e9 reg\u00e1ly<\/h2>\n<p>\t<iframe loading=\"lazy\" src=\"https:\/\/www.youtube.com\/embed\/Kd4vyRx-Soc?rel=0&amp;showinfo=0\" width=\"475\" height=\"267\" frameborder=\"0\" allowfullscreen=\"allowfullscreen\"><\/iframe><\/p>\n<p><a href=\"http:\/\/www.stortech.sk\/?page_id=147\"><strong>\u25baPaletov\u00e9 reg\u00e1ly<\/strong><\/a><br \/>\n<a href=\"http:\/\/www.stortech.sk\/?page_id=155\"><strong>\u25baPolicov\u00e9 reg\u00e1ly<\/strong><\/a><br \/>\n<a href=\"http:\/\/www.stortech.sk\/?page_id=162\"><strong>\u25baSp\u00e1dov\u00e9 reg\u00e1ly<\/strong><\/a><br \/>\n<a href=\"http:\/\/www.stortech.sk\/?page_id=168\"><strong>\u25baVjazdov\u00e9 reg\u00e1ly<\/strong><\/a><br \/>\n<a href=\"http:\/\/www.stortech.sk\/?page_id=173\"><strong>\u25ba\u0160irok\u00e9 policov\u00e9 reg\u00e1ly<\/strong><\/a><br \/>\n<a href=\"http:\/\/www.stortech.sk\/?page_id=180\"><strong>\u25baKon\u0161trukcia plo\u0161\u00edn<\/strong><\/a><br \/>\n<a href=\"http:\/\/www.stortech.sk\/?page_id=184\"><strong>\u25baShuttle<\/strong><\/a><\/p>\n<p>\t\t\t\t<a href=\"http:\/\/www.stortech.sk\/wp-content\/uploads\/2016\/05\/vjazdove-reg_1-1.jpg\" target=\"_self\" itemprop=\"url\"><br \/>\n\t\t\t\t<img decoding=\"async\" src=\"http:\/\/www.stortech.sk\/wp-content\/uploads\/2016\/05\/vjazdove-reg_1-1.jpg\" alt=\"Vjazdov\u00e9 reg\u00e1ly\" itemprop=\"image\"  \/><br \/>\n\t\t\t\t<\/a><br \/>\n\t\t\t\tVjazdov\u00e9 reg\u00e1ly<\/p>\n<p><strong>Vjazdov\u00e9 reg\u00e1ly s\u00fa vhodn\u00e9 v pr\u00edpadoch, ke\u010f sa s\u00e9riovo nasklad\u0148uje a vysklad\u0148uje ve\u013ek\u00e9 mno\u017estvo tovaru. Hlavn\u00fdmi pr\u00ednosmi pre pou\u017e\u00edvate\u013ea s\u00fa:<\/strong><br \/><strong> \u25cf robustn\u00e9 a pevn\u00e9 kon\u0161trukcie s bezpe\u010dne \u0161irok\u00fdmi nosn\u00edkmi pre ukladanie paliet<\/strong><br \/><strong> \u25cf adresn\u00fd n\u00e1vrh dielov kon\u0161trukcie pod\u013ea v\u00e1hy paliet<\/strong><br \/><strong> \u25cf pou\u017eitie skladovacieho princ\u00edpu LIFO alebo \u201edrive through\u201c LIFO<\/strong><br \/><strong> \u25cf bezprobl\u00e9mov\u00e1 in\u0161tal\u00e1cia v chladiacich a mraziacich skladoch<\/strong><br \/><strong> \u25cf r\u00f4zne formy ochrany ako prevencie pre pr\u00edpad kol\u00edzi\u00ed<\/strong><br \/><strong> \u25cf roz\u0161\u00edren\u00e9 nosn\u00edky pre ukladanie paliet v pr\u00edpade v pr\u00edpade \u0161peci\u00e1lnych paliet<\/strong><br \/><strong> Toto rie\u0161enie je mo\u017en\u00e9 jednoducho kombinova\u0165 s ostatn\u00fdmi paletov\u00fdmi, posuvn\u00fdmi alebo policov\u00fdmi reg\u00e1lmi, pr\u00edpadne so \u0161irok\u00fdmi policov\u00fdmi reg\u00e1lmi.<\/strong><br \/><strong> Pokia\u013e chcete automatizova\u0165 skladovanie a vysklad\u0148ovanie drobn\u00e9ho tovaru, tu n\u00e1jdete inform\u00e1cie o vhodnom poloautomatickom skladovacom syst\u00e9me NEDCON Shutle.<\/strong> <\/p>\n","protected":false},"excerpt":{"rendered":"<p>Vjazdov\u00e9 reg\u00e1ly \u25baPaletov\u00e9 reg\u00e1ly \u25baPolicov\u00e9 reg\u00e1ly \u25baSp\u00e1dov\u00e9 reg\u00e1ly \u25baVjazdov\u00e9 reg\u00e1ly \u25ba\u0160irok\u00e9 policov\u00e9 reg\u00e1ly \u25baKon\u0161trukcia plo\u0161\u00edn \u25baShuttle Vjazdov\u00e9 reg\u00e1ly Vjazdov\u00e9 reg\u00e1ly s\u00fa vhodn\u00e9 v pr\u00edpadoch, ke\u010f sa s\u00e9riovo nasklad\u0148uje a vysklad\u0148uje ve\u013ek\u00e9 mno\u017estvo tovaru. Hlavn\u00fdmi pr\u00ednosmi pre pou\u017e\u00edvate\u013ea s\u00fa: \u25cf robustn\u00e9 a pevn\u00e9 kon\u0161trukcie s bezpe\u010dne \u0161irok\u00fdmi nosn\u00edkmi pre ukladanie paliet \u25cf adresn\u00fd n\u00e1vrh dielov kon\u0161trukcie <a class=\"moretag\" href=\"https:\/\/www.stortech.sk\/?page_id=168\">Read More &#8230;<\/a><\/p>\n","protected":false},"author":1,"featured_media":0,"parent":0,"menu_order":0,"comment_status":"closed","ping_status":"closed","template":"full-width-page.php","meta":{"footnotes":""},"aioseo_notices":[],"_links":{"self":[{"href":"https:\/\/www.stortech.sk\/index.php?rest_route=\/wp\/v2\/pages\/168"}],"collection":[{"href":"https:\/\/www.stortech.sk\/index.php?rest_route=\/wp\/v2\/pages"}],"about":[{"href":"https:\/\/www.stortech.sk\/index.php?rest_route=\/wp\/v2\/types\/page"}],"author":[{"embeddable":true,"href":"https:\/\/www.stortech.sk\/index.php?rest_route=\/wp\/v2\/users\/1"}],"replies":[{"embeddable":true,"href":"https:\/\/www.stortech.sk\/index.php?rest_route=%2Fwp%2Fv2%2Fcomments&post=168"}],"version-history":[{"count":3,"href":"https:\/\/www.stortech.sk\/index.php?rest_route=\/wp\/v2\/pages\/168\/revisions"}],"predecessor-version":[{"id":191,"href":"https:\/\/www.stortech.sk\/index.php?rest_route=\/wp\/v2\/pages\/168\/revisions\/191"}],"wp:attachment":[{"href":"https:\/\/www.stortech.sk\/index.php?rest_route=%2Fwp%2Fv2%2Fmedia&parent=168"}],"curies":[{"name":"wp","href":"https:\/\/api.w.org\/{rel}","templated":true}]}}