{"id":180,"date":"2016-05-16T18:36:56","date_gmt":"2016-05-16T16:36:56","guid":{"rendered":"http:\/\/www.stortech.sk\/?page_id=180"},"modified":"2016-05-16T19:02:23","modified_gmt":"2016-05-16T17:02:23","slug":"paletove-regaly-2-4-2","status":"publish","type":"page","link":"https:\/\/www.stortech.sk\/?page_id=180","title":{"rendered":"Kon\u0161trukcia plo\u0161\u00edn"},"content":{"rendered":"<h2>Kon\u0161trukcia plo\u0161\u00edn<\/h2>\n<p>\t\t\t\t<a href=\"http:\/\/www.stortech.sk\/wp-content\/uploads\/2016\/05\/Konstrukcia-plosin-1.jpg\" target=\"_self\" itemprop=\"url\"><br \/>\n\t\t\t\t<img decoding=\"async\" src=\"http:\/\/www.stortech.sk\/wp-content\/uploads\/2016\/05\/Konstrukcia-plosin-1.jpg\" alt=\"Kon\u0161trukcia plo\u0161\u00edn\" itemprop=\"image\"  \/><br \/>\n\t\t\t\t<\/a><br \/>\n\t\t\t\tKon\u0161trukcia plo\u0161\u00edn<\/p>\n<p><a href=\"http:\/\/www.stortech.sk\/?page_id=147\"><strong>\u25baPaletov\u00e9 reg\u00e1ly<\/strong><\/a><br \/>\n<a href=\"http:\/\/www.stortech.sk\/?page_id=155\"><strong>\u25baPolicov\u00e9 reg\u00e1ly<\/strong><\/a><br \/>\n<a href=\"http:\/\/www.stortech.sk\/?page_id=162\"><strong>\u25baSp\u00e1dov\u00e9 reg\u00e1ly<\/strong><\/a><br \/>\n<a href=\"http:\/\/www.stortech.sk\/?page_id=168\"><strong>\u25baVjazdov\u00e9 reg\u00e1ly<\/strong><\/a><br \/>\n<a href=\"http:\/\/www.stortech.sk\/?page_id=173\"><strong>\u25ba\u0160irok\u00e9 policov\u00e9 reg\u00e1ly<\/strong><\/a><br \/>\n<a href=\"http:\/\/www.stortech.sk\/?page_id=180\"><strong>\u25baKon\u0161trukcia plo\u0161\u00edn<\/strong><\/a><br \/>\n<a href=\"http:\/\/www.stortech.sk\/?page_id=184\"><strong>\u25baShuttle<\/strong><\/a><\/p>\n<p><strong>Ak chcete optim\u00e1lne vyu\u017ei\u0165 v\u00e1\u0161 sklad pr\u00edpadne distribu\u010dn\u00e9 centrum a z\u00e1rove\u0148 zn\u00ed\u017ei\u0165 n\u00e1klady na jeho prev\u00e1dzku, syst\u00e9m plo\u0161\u00edn vhodn\u00fdm rie\u0161en\u00edm. V\u010faka na\u0161im podlahov\u00fdm kon\u0161trukci\u00e1m m\u00f4\u017eeme v sklade jednoducho vyrobi\u0165 jedno alebo viac podla\u017e\u00ed. Tento dodato\u010dn\u00fd priestor mo\u017eno vyu\u017ei\u0165 pre skladovanie a v\u00fddaj objedn\u00e1vok. Hlavn\u00fdmi pr\u00ednosmi s\u00fa:<\/strong><br \/><strong> \u25cf \u0161tandardn\u00e9 podlahov\u00e9 za\u0165a\u017eenie 500 kg\/m2 a viac<\/strong><br \/><strong> \u25cf ve\u013ek\u00e9 rozp\u00e4tie v\u010faka vyu\u017eitiu efekt\u00edvnych kon\u0161truk\u010dn\u00fdch prvkov<\/strong><br \/><strong> \u25cf nieko\u013eko skladovac\u00edch \u00farovn\u00ed nad sebou, pokia\u013e je to po\u017eadovan\u00e9<\/strong><br \/><strong> \u25cf r\u00f4zne typy podl\u00e1h (ro\u0161ty, vysoko komprimovan\u00e9 drevotrieskov\u00e9 dosky)<\/strong><br \/><strong> Toto rie\u0161enie je mo\u017en\u00e9 jednoducho kombinova\u0165 s ostatn\u00fdmi paletov\u00fdmi, posuvn\u00fdmi alebo policov\u00fdmi reg\u00e1lmi, pr\u00edpadne so \u0161irok\u00fdmi policov\u00fdmi reg\u00e1lmi.<\/strong> <\/p>\n","protected":false},"excerpt":{"rendered":"<p>Kon\u0161trukcia plo\u0161\u00edn Kon\u0161trukcia plo\u0161\u00edn \u25baPaletov\u00e9 reg\u00e1ly \u25baPolicov\u00e9 reg\u00e1ly \u25baSp\u00e1dov\u00e9 reg\u00e1ly \u25baVjazdov\u00e9 reg\u00e1ly \u25ba\u0160irok\u00e9 policov\u00e9 reg\u00e1ly \u25baKon\u0161trukcia plo\u0161\u00edn \u25baShuttle Ak chcete optim\u00e1lne vyu\u017ei\u0165 v\u00e1\u0161 sklad pr\u00edpadne distribu\u010dn\u00e9 centrum a z\u00e1rove\u0148 zn\u00ed\u017ei\u0165 n\u00e1klady na jeho prev\u00e1dzku, syst\u00e9m plo\u0161\u00edn vhodn\u00fdm rie\u0161en\u00edm. V\u010faka na\u0161im podlahov\u00fdm kon\u0161trukci\u00e1m m\u00f4\u017eeme v sklade jednoducho vyrobi\u0165 jedno alebo viac podla\u017e\u00ed. Tento dodato\u010dn\u00fd priestor mo\u017eno <a class=\"moretag\" href=\"https:\/\/www.stortech.sk\/?page_id=180\">Read More &#8230;<\/a><\/p>\n","protected":false},"author":1,"featured_media":0,"parent":0,"menu_order":0,"comment_status":"closed","ping_status":"closed","template":"full-width-page.php","meta":{"footnotes":""},"aioseo_notices":[],"_links":{"self":[{"href":"https:\/\/www.stortech.sk\/index.php?rest_route=\/wp\/v2\/pages\/180"}],"collection":[{"href":"https:\/\/www.stortech.sk\/index.php?rest_route=\/wp\/v2\/pages"}],"about":[{"href":"https:\/\/www.stortech.sk\/index.php?rest_route=\/wp\/v2\/types\/page"}],"author":[{"embeddable":true,"href":"https:\/\/www.stortech.sk\/index.php?rest_route=\/wp\/v2\/users\/1"}],"replies":[{"embeddable":true,"href":"https:\/\/www.stortech.sk\/index.php?rest_route=%2Fwp%2Fv2%2Fcomments&post=180"}],"version-history":[{"count":3,"href":"https:\/\/www.stortech.sk\/index.php?rest_route=\/wp\/v2\/pages\/180\/revisions"}],"predecessor-version":[{"id":193,"href":"https:\/\/www.stortech.sk\/index.php?rest_route=\/wp\/v2\/pages\/180\/revisions\/193"}],"wp:attachment":[{"href":"https:\/\/www.stortech.sk\/index.php?rest_route=%2Fwp%2Fv2%2Fmedia&parent=180"}],"curies":[{"name":"wp","href":"https:\/\/api.w.org\/{rel}","templated":true}]}}