{"id":184,"date":"2016-05-16T18:43:09","date_gmt":"2016-05-16T16:43:09","guid":{"rendered":"http:\/\/www.stortech.sk\/?page_id=184"},"modified":"2025-05-16T20:14:00","modified_gmt":"2025-05-16T18:14:00","slug":"paletove-regaly-2-5","status":"publish","type":"page","link":"https:\/\/www.stortech.sk\/?page_id=184","title":{"rendered":"Shuttle"},"content":{"rendered":"\n<h2>Shuttle<\/h2>\n\t<meta itemprop=\"url\" content=\"https:\/\/www.stortech.sk\/wp-content\/uploads\/2025\/05\/NEDCON-Pallet-Shuttle-3D-Animation.mp4\" \/><div style=\"width: 640px;\" class=\"wp-video\"><!--[if lt IE 9]><script>document.createElement('video');<\/script><![endif]-->\n<video class=\"wp-video-shortcode\" id=\"video-184-1\" width=\"640\" height=\"360\" preload=\"metadata\" controls=\"controls\"><source type=\"video\/mp4\" src=\"https:\/\/www.stortech.sk\/wp-content\/uploads\/2025\/05\/NEDCON-Pallet-Shuttle-3D-Animation.mp4?_=1\" \/><a href=\"https:\/\/www.stortech.sk\/wp-content\/uploads\/2025\/05\/NEDCON-Pallet-Shuttle-3D-Animation.mp4\">https:\/\/www.stortech.sk\/wp-content\/uploads\/2025\/05\/NEDCON-Pallet-Shuttle-3D-Animation.mp4<\/a><\/video><\/div>\n\t<p><a href=\"http:\/\/www.stortech.sk\/?page_id=147\"><strong>\u25baPaletov\u00e9 reg\u00e1ly<\/strong><\/a><br \/><a href=\"http:\/\/www.stortech.sk\/?page_id=155\"><strong>\u25baPolicov\u00e9 reg\u00e1ly<\/strong><\/a><br \/><a href=\"http:\/\/www.stortech.sk\/?page_id=162\"><strong>\u25baSp\u00e1dov\u00e9 reg\u00e1ly<\/strong><\/a><br \/><a href=\"http:\/\/www.stortech.sk\/?page_id=168\"><strong>\u25baVjazdov\u00e9 reg\u00e1ly<\/strong><\/a><br \/><a href=\"http:\/\/www.stortech.sk\/?page_id=173\"><strong>\u25ba\u0160irok\u00e9 policov\u00e9 reg\u00e1ly<\/strong><\/a><br \/><a href=\"http:\/\/www.stortech.sk\/?page_id=180\"><strong>\u25baKon\u0161trukcia plo\u0161\u00edn<\/strong><\/a><br \/><a href=\"http:\/\/www.stortech.sk\/?page_id=184\"><strong>\u25baShuttle<\/strong><\/a><\/p>\n\t<iframe loading=\"lazy\" width=\"475\" height=\"267\" src=\"https:\/\/www.youtube.com\/embed\/nK1J_tANgBE?rel=0&amp;showinfo=0\" frameborder=\"0\" allowfullscreen><\/iframe>\n\t<p><strong>Pokia\u013e chcete optim\u00e1lne vyu\u017ei\u0165 V\u00e1\u0161 sklad, pr\u00edpadne distribu\u010dn\u00e9 centrum a s\u00fa\u010dasne zn\u00ed\u017ei\u0165 ro\u010dn\u00e9 n\u00e1klady na skladovanie, potom V\u00e1m odpor\u00fa\u010dame syst\u00e9m Shuttle. Je to poloautomatick\u00e9 pred\u013a\u017eenie vysokozdvi\u017en\u00e9ho voz\u00edka. Shuttle urob\u00ed pr\u00e1cu v miestach, ktor\u00e9 s\u00fa vysokozdvi\u017en\u00e9mu syst\u00e9mu nedostupn\u00e9. Shuttle pon\u00faka extr\u00e9mne \u00fa\u010dinn\u00fd pr\u00edstup k V\u00e1\u0161mu paletizovan\u00e9mu tovaru. Hlavn\u00e9 pr\u00ednosy z jeho pou\u017e\u00edvania s\u00fa:<\/strong><br \/><strong> \u25cf jednoduch\u00e9, r\u00fdchle a bezpe\u010dn\u00e9 umiestnenie paletovan\u00e9ho tovaru<\/strong><br \/><strong> \u25cf vy\u0161\u0161\u00ed a hlb\u0161\u00ed dosah ako u vysokozdvi\u017en\u00e9ho voz\u00edka<\/strong><br \/><strong> \u25cf automatick\u00e9 nasn\u00edmanie tovaru, jeho nahr\u00e1vanie a inventariz\u00e1cia<\/strong><br \/><strong> \u25cf men\u0161ie \u0161kody<\/strong><br \/><strong> \u25cf \u00faspora \u010dasu<\/strong><br \/><strong> \u25cf efekt\u00edvnej\u0161ie vyu\u017eitie skladovac\u00edch priestorov<\/strong><br \/><strong> \u010ea\u013e\u0161ie inform\u00e1cie z\u00edskate v prilo\u017eenom informa\u010dnom videu.<\/strong><br \/> <\/p>\n\n","protected":false},"excerpt":{"rendered":"<p>Shuttle \u25baPaletov\u00e9 reg\u00e1ly\u25baPolicov\u00e9 reg\u00e1ly\u25baSp\u00e1dov\u00e9 reg\u00e1ly\u25baVjazdov\u00e9 reg\u00e1ly\u25ba\u0160irok\u00e9 policov\u00e9 reg\u00e1ly\u25baKon\u0161trukcia plo\u0161\u00edn\u25baShuttle Pokia\u013e chcete optim\u00e1lne vyu\u017ei\u0165 V\u00e1\u0161 sklad, pr\u00edpadne distribu\u010dn\u00e9 centrum a s\u00fa\u010dasne zn\u00ed\u017ei\u0165 ro\u010dn\u00e9 n\u00e1klady na skladovanie, potom V\u00e1m odpor\u00fa\u010dame syst\u00e9m Shuttle. Je to poloautomatick\u00e9 pred\u013a\u017eenie vysokozdvi\u017en\u00e9ho voz\u00edka. Shuttle urob\u00ed pr\u00e1cu v miestach, ktor\u00e9 s\u00fa vysokozdvi\u017en\u00e9mu syst\u00e9mu nedostupn\u00e9. Shuttle pon\u00faka extr\u00e9mne \u00fa\u010dinn\u00fd pr\u00edstup k V\u00e1\u0161mu paletizovan\u00e9mu tovaru. <a class=\"moretag\" href=\"https:\/\/www.stortech.sk\/?page_id=184\">Read More &#8230;<\/a><\/p>\n","protected":false},"author":1,"featured_media":0,"parent":0,"menu_order":0,"comment_status":"closed","ping_status":"closed","template":"full-width-page.php","meta":{"footnotes":""},"aioseo_notices":[],"_links":{"self":[{"href":"https:\/\/www.stortech.sk\/index.php?rest_route=\/wp\/v2\/pages\/184"}],"collection":[{"href":"https:\/\/www.stortech.sk\/index.php?rest_route=\/wp\/v2\/pages"}],"about":[{"href":"https:\/\/www.stortech.sk\/index.php?rest_route=\/wp\/v2\/types\/page"}],"author":[{"embeddable":true,"href":"https:\/\/www.stortech.sk\/index.php?rest_route=\/wp\/v2\/users\/1"}],"replies":[{"embeddable":true,"href":"https:\/\/www.stortech.sk\/index.php?rest_route=%2Fwp%2Fv2%2Fcomments&post=184"}],"version-history":[{"count":6,"href":"https:\/\/www.stortech.sk\/index.php?rest_route=\/wp\/v2\/pages\/184\/revisions"}],"predecessor-version":[{"id":259,"href":"https:\/\/www.stortech.sk\/index.php?rest_route=\/wp\/v2\/pages\/184\/revisions\/259"}],"wp:attachment":[{"href":"https:\/\/www.stortech.sk\/index.php?rest_route=%2Fwp%2Fv2%2Fmedia&parent=184"}],"curies":[{"name":"wp","href":"https:\/\/api.w.org\/{rel}","templated":true}]}}