{"id":27,"date":"2016-05-10T19:32:39","date_gmt":"2016-05-10T17:32:39","guid":{"rendered":"http:\/\/www.stortech.sk\/?page_id=27"},"modified":"2024-06-10T11:03:11","modified_gmt":"2024-06-10T09:03:11","slug":"kontakt","status":"publish","type":"page","link":"https:\/\/www.stortech.sk\/?page_id=27","title":{"rendered":"KONTAKT"},"content":{"rendered":"\n\n\t<strong>T<\/strong><strong>elef\u00f3n:<\/strong> +421 (0) 903 723 377<br \/>\n<strong>Obchodn\u00e9 meno:<\/strong> STORTECH s.r.o.<br \/>\n<strong>S\u00eddlo:<\/strong> Sv\u00e9bska 21, 851 10 Bratislava<br \/>\n<strong>I\u010cO:<\/strong>\u00a0 35 863 978\nSpolo\u010dnos\u0165 STORTECH s.r.o\u00a0 je zap\u00edsan\u00e1\u00a0 v\u00a0 Obchodnom registri<br \/>\n Okresn\u00e9ho s\u00fadu Bratislava I, vlo\u017eka \u010d\u00edslo 29452\/B\n\t\n<div class=\"wpcf7 no-js\" id=\"wpcf7-f8-o1\" lang=\"sk-SK\" dir=\"ltr\">\n<div class=\"screen-reader-response\"><p role=\"status\" aria-live=\"polite\" aria-atomic=\"true\"><\/p> <ul><\/ul><\/div>\n<form action=\"\/index.php?rest_route=%2Fwp%2Fv2%2Fpages%2F27#wpcf7-f8-o1\" method=\"post\" class=\"wpcf7-form init\" aria-label=\"Kontaktn\u00fd formul\u00e1r\" novalidate=\"novalidate\" data-status=\"init\">\n<div style=\"display: none;\">\n<input type=\"hidden\" name=\"_wpcf7\" value=\"8\" \/>\n<input type=\"hidden\" name=\"_wpcf7_version\" value=\"5.9.5\" \/>\n<input type=\"hidden\" name=\"_wpcf7_locale\" value=\"sk_SK\" \/>\n<input type=\"hidden\" name=\"_wpcf7_unit_tag\" value=\"wpcf7-f8-o1\" \/>\n<input type=\"hidden\" name=\"_wpcf7_container_post\" value=\"0\" \/>\n<input type=\"hidden\" name=\"_wpcf7_posted_data_hash\" value=\"\" \/>\n<\/div>\n<p>Va\u0161e meno (povinn\u00e9)\n<\/p>\n<p><span class=\"wpcf7-form-control-wrap\" data-name=\"your-name\"><input size=\"40\" class=\"wpcf7-form-control wpcf7-text wpcf7-validates-as-required\" aria-required=\"true\" aria-invalid=\"false\" value=\"\" type=\"text\" name=\"your-name\" \/><\/span>\n<\/p>\n<p>V\u00e1\u0161 email (povinn\u00e9)\n<\/p>\n<p><span class=\"wpcf7-form-control-wrap\" data-name=\"your-email\"><input size=\"40\" class=\"wpcf7-form-control wpcf7-email wpcf7-validates-as-required wpcf7-text wpcf7-validates-as-email\" aria-required=\"true\" aria-invalid=\"false\" value=\"\" type=\"email\" name=\"your-email\" \/><\/span>\n<\/p>\n<p>Predmet\n<\/p>\n<p><span class=\"wpcf7-form-control-wrap\" data-name=\"your-subject\"><input size=\"40\" class=\"wpcf7-form-control wpcf7-text\" aria-invalid=\"false\" value=\"\" type=\"text\" name=\"your-subject\" \/><\/span>\n<\/p>\n<p>Va\u0161a spr\u00e1va\n<\/p>\n<p><span class=\"wpcf7-form-control-wrap\" data-name=\"your-message\"><textarea cols=\"40\" rows=\"10\" class=\"wpcf7-form-control wpcf7-textarea\" aria-invalid=\"false\" name=\"your-message\"><\/textarea><\/span>\n<\/p>\n<p><input class=\"wpcf7-form-control wpcf7-submit has-spinner\" type=\"submit\" value=\"Odo\u0161li\" \/>\n<\/p><div class=\"wpcf7-response-output\" aria-hidden=\"true\"><\/div>\n<\/form>\n<\/div>\n\n\n","protected":false},"excerpt":{"rendered":"<p>Telef\u00f3n: +421 (0) 903 723 377 Obchodn\u00e9 meno: STORTECH s.r.o. S\u00eddlo: Sv\u00e9bska 21, 851 10 Bratislava I\u010cO:\u00a0 35 863 978 Spolo\u010dnos\u0165 STORTECH s.r.o\u00a0 je zap\u00edsan\u00e1\u00a0 v\u00a0 Obchodnom registri Okresn\u00e9ho s\u00fadu Bratislava I, vlo\u017eka \u010d\u00edslo 29452\/B<\/p>\n","protected":false},"author":1,"featured_media":0,"parent":0,"menu_order":0,"comment_status":"closed","ping_status":"closed","template":"full-width-page.php","meta":{"footnotes":""},"aioseo_notices":[],"_links":{"self":[{"href":"https:\/\/www.stortech.sk\/index.php?rest_route=\/wp\/v2\/pages\/27"}],"collection":[{"href":"https:\/\/www.stortech.sk\/index.php?rest_route=\/wp\/v2\/pages"}],"about":[{"href":"https:\/\/www.stortech.sk\/index.php?rest_route=\/wp\/v2\/types\/page"}],"author":[{"embeddable":true,"href":"https:\/\/www.stortech.sk\/index.php?rest_route=\/wp\/v2\/users\/1"}],"replies":[{"embeddable":true,"href":"https:\/\/www.stortech.sk\/index.php?rest_route=%2Fwp%2Fv2%2Fcomments&post=27"}],"version-history":[{"count":8,"href":"https:\/\/www.stortech.sk\/index.php?rest_route=\/wp\/v2\/pages\/27\/revisions"}],"predecessor-version":[{"id":256,"href":"https:\/\/www.stortech.sk\/index.php?rest_route=\/wp\/v2\/pages\/27\/revisions\/256"}],"wp:attachment":[{"href":"https:\/\/www.stortech.sk\/index.php?rest_route=%2Fwp%2Fv2%2Fmedia&parent=27"}],"curies":[{"name":"wp","href":"https:\/\/api.w.org\/{rel}","templated":true}]}}