{"id":30,"date":"2016-05-10T19:36:25","date_gmt":"2016-05-10T17:36:25","guid":{"rendered":"http:\/\/www.stortech.sk\/?page_id=30"},"modified":"2019-08-03T19:58:53","modified_gmt":"2019-08-03T17:58:53","slug":"referencie","status":"publish","type":"page","link":"https:\/\/www.stortech.sk\/?page_id=30","title":{"rendered":"REFERENCIE"},"content":{"rendered":"<br \/>\n<h1 style=\"text-align: center;\"><strong>N A \u0160 I \u00a0Z \u00c1 K A Z N \u00cd C I<\/strong><\/h1>\n<p>\t\t\t\t<img decoding=\"async\" src=\"http:\/\/www.stortech.sk\/wp-content\/uploads\/2016\/05\/vjazdove-reg_1-1024x683.jpg\" alt=\"ilustra\u010dn\u00fd obr\u00e1zok\" itemprop=\"image\"  \/><\/p>\n<div id=\"maxgallery-50\" class=\"mg-image-tiles standard\">\t<div class=\"mg-thumbs mg-fivecol\">\t\t<ul><li>\t\t<div class=\"\"><img loading=\"lazy\" decoding=\"async\" class=\"\" src=\"https:\/\/www.stortech.sk\/wp-content\/uploads\/2016\/05\/A_dru_200x200.jpg\" width=\"200\" height=\"200\" alt=\"\" title=\"A_dru_200x200\" \/>\t\t<\/div>\t<\/a><\/li><li>\t\t<div class=\"\"><img loading=\"lazy\" decoding=\"async\" class=\"\" src=\"https:\/\/www.stortech.sk\/wp-content\/uploads\/2016\/05\/A_Hella_200x200.png\" width=\"200\" height=\"200\" alt=\"\" title=\"A_Hella_200x200\" \/>\t\t<\/div>\t<\/a><\/li><li>\t\t<div class=\"\"><img loading=\"lazy\" decoding=\"async\" class=\"\" src=\"https:\/\/www.stortech.sk\/wp-content\/uploads\/2016\/05\/A_HOPI_200x200.png\" width=\"200\" height=\"200\" alt=\"\" title=\"A_HOPI_200x200\" \/>\t\t<\/div>\t<\/a><\/li><li>\t\t<div class=\"\"><img loading=\"lazy\" decoding=\"async\" class=\"\" src=\"https:\/\/www.stortech.sk\/wp-content\/uploads\/2016\/05\/A_IDC_200x200.png\" width=\"200\" height=\"200\" alt=\"\" title=\"A_IDC_200x200\" \/>\t\t<\/div>\t<\/a><\/li><li>\t\t<div class=\"\"><img loading=\"lazy\" decoding=\"async\" class=\"\" src=\"https:\/\/www.stortech.sk\/wp-content\/uploads\/2016\/05\/A_Kaufland_200x251-200x200.png\" width=\"200\" height=\"200\" alt=\"\" title=\"A_Kaufland_200x251\" \/>\t\t<\/div>\t<\/a><\/li><li>\t\t<div class=\"\"><img loading=\"lazy\" decoding=\"async\" class=\"\" src=\"https:\/\/www.stortech.sk\/wp-content\/uploads\/2016\/05\/A_Plasticonceptjpg_200x200.jpg\" width=\"200\" height=\"200\" alt=\"\" title=\"A_Plasticonceptjpg_200x200\" \/>\t\t<\/div>\t<\/a><\/li><li>\t\t<div class=\"\"><img loading=\"lazy\" decoding=\"async\" class=\"\" src=\"https:\/\/www.stortech.sk\/wp-content\/uploads\/2016\/05\/A_Agrotam_200x127i.jpg\" width=\"200\" height=\"127\" alt=\"\" title=\"A_Agrotam_200x127i\" \/>\t\t<\/div>\t<\/a><\/li><li>\t\t<div class=\"\"><img loading=\"lazy\" decoding=\"async\" class=\"\" src=\"https:\/\/www.stortech.sk\/wp-content\/uploads\/2016\/05\/A_Milsy_200x154.png\" width=\"200\" height=\"154\" alt=\"\" title=\"A_Milsy_200x154\" \/>\t\t<\/div>\t<\/a><\/li><li>\t\t<div class=\"\"><img loading=\"lazy\" decoding=\"async\" class=\"\" src=\"https:\/\/www.stortech.sk\/wp-content\/uploads\/2016\/05\/A_reydel-logo_200x141.jpg\" width=\"200\" height=\"141\" alt=\"\" title=\"A_reydel-logo_200x141\" \/>\t\t<\/div>\t<\/a><\/li><li>\t\t<div class=\"\"><img loading=\"lazy\" decoding=\"async\" class=\"\" src=\"https:\/\/www.stortech.sk\/wp-content\/uploads\/2016\/05\/A_SCA_200x140.jpg\" width=\"200\" height=\"140\" alt=\"\" title=\"A_SCA_200x140\" \/>\t\t<\/div>\t<\/a><\/li><li>\t\t<div class=\"\"><img loading=\"lazy\" decoding=\"async\" class=\"\" src=\"https:\/\/www.stortech.sk\/wp-content\/uploads\/2016\/05\/A_fmservis_200x133.jpg\" width=\"200\" height=\"133\" alt=\"\" title=\"A_fmservis_200x133\" \/>\t\t<\/div>\t<\/a><\/li><li>\t\t<div class=\"\"><img loading=\"lazy\" decoding=\"async\" class=\"\" src=\"https:\/\/www.stortech.sk\/wp-content\/uploads\/2016\/05\/A_grupo_copo_202x152-200x200.jpg\" width=\"200\" height=\"200\" alt=\"\" title=\"A_grupo_copo_202x152\" \/>\t\t<\/div>\t<\/a><\/li><li>\t\t<div class=\"\"><img loading=\"lazy\" decoding=\"async\" class=\"\" src=\"https:\/\/www.stortech.sk\/wp-content\/uploads\/2016\/05\/A_Klember_200x115.jpg\" width=\"200\" height=\"115\" alt=\"\" title=\"A_Klember_200x115\" \/>\t\t<\/div>\t<\/a><\/li><li>\t\t<div class=\"\"><img loading=\"lazy\" decoding=\"async\" class=\"\" src=\"https:\/\/www.stortech.sk\/wp-content\/uploads\/2016\/05\/A_Coca-cola200x65.jpg\" width=\"200\" height=\"65\" alt=\"\" title=\"A_Coca-cola200x65\" \/>\t\t<\/div>\t<\/a><\/li><li>\t\t<div class=\"\"><img loading=\"lazy\" decoding=\"async\" class=\"\" src=\"https:\/\/www.stortech.sk\/wp-content\/uploads\/2016\/05\/A_DELTA_Energy_Systems_200x83.gif\" width=\"200\" height=\"83\" alt=\"\" title=\"A_DELTA_Energy_Systems_200x83\" \/>\t\t<\/div>\t<\/a><\/li><li>\t\t<div class=\"\"><img loading=\"lazy\" decoding=\"async\" class=\"\" src=\"https:\/\/www.stortech.sk\/wp-content\/uploads\/2016\/05\/A_notes_Slavosovce_200x119.png\" width=\"200\" height=\"119\" alt=\"\" title=\"A_notes_Slavosovce_200x119\" \/>\t\t<\/div>\t<\/a><\/li><li>\t\t<div class=\"\"><img loading=\"lazy\" decoding=\"async\" class=\"\" src=\"https:\/\/www.stortech.sk\/wp-content\/uploads\/2016\/05\/A_Novofruct_200x130.png\" width=\"200\" height=\"130\" alt=\"\" title=\"A_Novofruct_200x130\" \/>\t\t<\/div>\t<\/a><\/li><li>\t\t<div class=\"\"><img loading=\"lazy\" decoding=\"async\" class=\"\" src=\"https:\/\/www.stortech.sk\/wp-content\/uploads\/2016\/05\/A_Panasonic_200x136.png.jpg\" width=\"200\" height=\"136\" alt=\"\" title=\"A_Panasonic_200x136.png\" \/>\t\t<\/div>\t<\/a><\/li><li>\t\t<div class=\"\"><img loading=\"lazy\" decoding=\"async\" class=\"\" src=\"https:\/\/www.stortech.sk\/wp-content\/uploads\/2016\/05\/A_Faurecia_200x55.jpg\" width=\"200\" height=\"55\" alt=\"\" title=\"A_Faurecia_200x55\" \/>\t\t<\/div>\t<\/a><\/li><li>\t\t<div class=\"\"><img loading=\"lazy\" decoding=\"async\" class=\"\" src=\"https:\/\/www.stortech.sk\/wp-content\/uploads\/2016\/05\/A_FM_logistic_200x39.png\" width=\"200\" height=\"39\" alt=\"\" title=\"A_FM_logistic_200x39\" \/>\t\t<\/div>\t<\/a><\/li><li>\t\t<div class=\"\"><img loading=\"lazy\" decoding=\"async\" class=\"\" src=\"https:\/\/www.stortech.sk\/wp-content\/uploads\/2016\/05\/A_Gilbos_200x88.png\" width=\"200\" height=\"80\" alt=\"\" title=\"A_Gilbos_200x88\" \/>\t\t<\/div>\t<\/a><\/li><li>\t\t<div class=\"\"><img loading=\"lazy\" decoding=\"async\" class=\"\" src=\"https:\/\/www.stortech.sk\/wp-content\/uploads\/2016\/05\/A_Grafobal_200x109.gif.jpg\" width=\"200\" height=\"109\" alt=\"\" title=\"A_Grafobal_200x109.gif\" \/>\t\t<\/div>\t<\/a><\/li><li>\t\t<div class=\"\"><img loading=\"lazy\" decoding=\"async\" class=\"\" src=\"https:\/\/www.stortech.sk\/wp-content\/uploads\/2016\/05\/A_McCarter_200x56.png\" width=\"200\" height=\"56\" alt=\"\" title=\"A_McCarter_200x56\" \/>\t\t<\/div>\t<\/a><\/li><li>\t\t<div class=\"\"><img loading=\"lazy\" decoding=\"async\" class=\"\" src=\"https:\/\/www.stortech.sk\/wp-content\/uploads\/2016\/05\/A_Metagas_200x71.jpg\" width=\"200\" height=\"71\" alt=\"\" title=\"A_Metagas_200x71\" \/>\t\t<\/div>\t<\/a><\/li><li>\t\t<div class=\"\"><img loading=\"lazy\" decoding=\"async\" class=\"\" src=\"https:\/\/www.stortech.sk\/wp-content\/uploads\/2016\/05\/A_MKM_200x40.jpg\" width=\"200\" height=\"40\" alt=\"\" title=\"A_MKM_200x40\" \/>\t\t<\/div>\t<\/a><\/li><li>\t\t<div class=\"\"><img loading=\"lazy\" decoding=\"async\" class=\"\" src=\"https:\/\/www.stortech.sk\/wp-content\/uploads\/2016\/05\/A_NBS_200x106.jpg\" width=\"200\" height=\"106\" alt=\"\" title=\"A_NBS_200x106\" \/>\t\t<\/div>\t<\/a><\/li><li>\t\t<div class=\"\"><img loading=\"lazy\" decoding=\"async\" class=\"\" src=\"https:\/\/www.stortech.sk\/wp-content\/uploads\/2016\/05\/A_Prespor_200x100.jpg\" width=\"200\" height=\"100\" alt=\"\" title=\"A_Prespor_200x100\" \/>\t\t<\/div>\t<\/a><\/li><li>\t\t<div class=\"\"><img loading=\"lazy\" decoding=\"async\" class=\"\" src=\"https:\/\/www.stortech.sk\/wp-content\/uploads\/2016\/05\/A_proceram_200x40.jpg\" width=\"200\" height=\"40\" alt=\"\" title=\"A_proceram_200x40\" \/>\t\t<\/div>\t<\/a><\/li><li>\t\t<div class=\"\"><img loading=\"lazy\" decoding=\"async\" class=\"\" src=\"https:\/\/www.stortech.sk\/wp-content\/uploads\/2016\/05\/A_Stamet_200x46.png\" width=\"200\" height=\"46\" alt=\"\" title=\"A_Stamet_200x46\" \/>\t\t<\/div>\t<\/a><\/li><li>\t\t<div class=\"\"><img loading=\"lazy\" decoding=\"async\" class=\"\" src=\"https:\/\/www.stortech.sk\/wp-content\/uploads\/2016\/05\/A_Tatrachema_200x86.jpg\" width=\"200\" height=\"86\" alt=\"\" title=\"A_Tatrachema_200x86\" \/>\t\t<\/div>\t<\/a><\/li><li>\t\t<div class=\"\"><img loading=\"lazy\" decoding=\"async\" class=\"\" src=\"https:\/\/www.stortech.sk\/wp-content\/uploads\/2016\/05\/A_Protherm_200x50.png\" width=\"200\" height=\"50\" alt=\"\" title=\"A_Protherm_200x50\" \/>\t\t<\/div>\t<\/a><\/li><li>\t\t<div class=\"\"><img loading=\"lazy\" decoding=\"async\" class=\"\" src=\"https:\/\/www.stortech.sk\/wp-content\/uploads\/2016\/05\/A_Terno_200x77.jpg\" width=\"200\" height=\"77\" alt=\"\" title=\"A_Terno_200x77\" \/>\t\t<\/div>\t<\/a><\/li><li>\t\t<div class=\"\"><img loading=\"lazy\" decoding=\"async\" class=\"\" src=\"https:\/\/www.stortech.sk\/wp-content\/uploads\/2016\/05\/A_Tristone_200x123.jpg\" width=\"200\" height=\"123\" alt=\"\" title=\"A_Tristone_200x123\" \/>\t\t<\/div>\t<\/a><\/li><li>\t\t<div class=\"\"><img loading=\"lazy\" decoding=\"async\" class=\"\" src=\"https:\/\/www.stortech.sk\/wp-content\/uploads\/2016\/05\/A_Unilever200x112.jpg\" width=\"200\" height=\"112\" alt=\"\" title=\"A_Unilever200x112\" \/>\t\t<\/div>\t<\/a><\/li><li>\t\t<div class=\"\"><img loading=\"lazy\" decoding=\"async\" class=\"\" src=\"https:\/\/www.stortech.sk\/wp-content\/uploads\/2016\/05\/A_Vaillant_200x112.jpg\" width=\"200\" height=\"112\" alt=\"\" title=\"A_Vaillant_200x112\" \/>\t\t<\/div>\t<\/a><\/li><li>\t\t<div class=\"\"><img loading=\"lazy\" decoding=\"async\" class=\"\" src=\"https:\/\/www.stortech.sk\/wp-content\/uploads\/2016\/05\/A_Visteon-Logo-200x88.jpg\" width=\"200\" height=\"88\" alt=\"\" title=\"A_Visteon-Logo-200x88\" \/>\t\t<\/div>\t<\/a><\/li><li>\t\t<div class=\"\"><img loading=\"lazy\" decoding=\"async\" class=\"\" src=\"https:\/\/www.stortech.sk\/wp-content\/uploads\/2016\/05\/A_wilo_logo_200x113.jpg\" width=\"200\" height=\"113\" alt=\"\" title=\"A_wilo_logo_200x113\" \/>\t\t<\/div>\t<\/a><\/li><li>\t\t<div class=\"\"><img loading=\"lazy\" decoding=\"async\" class=\"\" src=\"https:\/\/www.stortech.sk\/wp-content\/uploads\/2016\/05\/Wella_200x200.jpg\" width=\"200\" height=\"200\" alt=\"\" title=\"Wella_200x200\" \/>\t\t<\/div>\t<\/a><\/li><li>\t\t<div class=\"\"><img loading=\"lazy\" decoding=\"async\" class=\"\" src=\"https:\/\/www.stortech.sk\/wp-content\/uploads\/2019\/08\/SHP_200x188.png\" width=\"200\" height=\"188\" alt=\"\" title=\"SHP_200x188\" \/>\t\t<\/div>\t<\/a><\/li><li>\t\t<div class=\"\"><img loading=\"lazy\" decoding=\"async\" class=\"\" src=\"https:\/\/www.stortech.sk\/wp-content\/uploads\/2016\/05\/Koh-I-Noor_200x74.jpg\" width=\"200\" height=\"74\" alt=\"\" title=\"Koh-I-Noor_200x74\" \/>\t\t<\/div>\t<\/a><\/li><li>\t\t<div class=\"\"><img loading=\"lazy\" decoding=\"async\" class=\"\" src=\"https:\/\/www.stortech.sk\/wp-content\/uploads\/2016\/05\/Kufner_200x104.png\" width=\"200\" height=\"104\" alt=\"\" title=\"Kufner_200x104\" \/>\t\t<\/div>\t<\/a><\/li><li>\t\t<div class=\"\"><img loading=\"lazy\" decoding=\"async\" class=\"\" src=\"https:\/\/www.stortech.sk\/wp-content\/uploads\/2016\/05\/Laba\u0161_200x91.png\" width=\"200\" height=\"91\" alt=\"\" title=\"Laba\u0161_200x91\" \/>\t\t<\/div>\t<\/a><\/li><li>\t\t<div class=\"\"><img loading=\"lazy\" decoding=\"async\" class=\"\" src=\"https:\/\/www.stortech.sk\/wp-content\/uploads\/2016\/05\/Pepsi_logo_2014.svg_-200x200.png\" width=\"200\" height=\"200\" alt=\"\" title=\"Pepsi_logo_2014.svg\" \/>\t\t<\/div>\t<\/a><\/li><li>\t\t<div class=\"\"><img loading=\"lazy\" decoding=\"async\" class=\"\" src=\"https:\/\/www.stortech.sk\/wp-content\/uploads\/2016\/05\/SEWSpng_200x200.png\" width=\"200\" height=\"200\" alt=\"\" title=\"SEWSpng_200x200\" \/>\t\t<\/div>\t<\/a><\/li>\t\t<\/ul>\t\t<div class=\"clear\"><\/div>\t<\/div>\t<span style=\"display: none;\" class=\"hidden-image-tiles-gallery-id\">50<\/span>\t<span style=\"display: none;\" class=\"hidden-lightbox-skin\"><\/span>\t<span style=\"display: none;\" class=\"hidden-lightbox-effect\"><\/span>\t<span style=\"display: none;\" class=\"hidden-lightbox-kb-nav\">false<\/span>\t<span style=\"display: none;\" class=\"hidden-lightbox-img-click-close\">false<\/span>\t<span style=\"display: none;\" class=\"hidden-lightbox-ol-click-close\">false<\/span>\t<span style=\"display: none;\" class=\"hidden-lightbox-close-tip-text\"><\/span>\t<span style=\"display: none;\" class=\"hidden-lightbox-next-tip-text\"><\/span>\t<span style=\"display: none;\" class=\"hidden-lightbox-prev-tip-text\"><\/span>\t<span style=\"display: none;\" class=\"hidden-lightbox-error-tip-text\"><\/span><\/div>\n","protected":false},"excerpt":{"rendered":"<p>N A \u0160 I \u00a0Z \u00c1 K A Z N \u00cd C I<\/p>\n","protected":false},"author":1,"featured_media":0,"parent":0,"menu_order":0,"comment_status":"closed","ping_status":"closed","template":"full-width-page.php","meta":{"footnotes":""},"aioseo_notices":[],"_links":{"self":[{"href":"https:\/\/www.stortech.sk\/index.php?rest_route=\/wp\/v2\/pages\/30"}],"collection":[{"href":"https:\/\/www.stortech.sk\/index.php?rest_route=\/wp\/v2\/pages"}],"about":[{"href":"https:\/\/www.stortech.sk\/index.php?rest_route=\/wp\/v2\/types\/page"}],"author":[{"embeddable":true,"href":"https:\/\/www.stortech.sk\/index.php?rest_route=\/wp\/v2\/users\/1"}],"replies":[{"embeddable":true,"href":"https:\/\/www.stortech.sk\/index.php?rest_route=%2Fwp%2Fv2%2Fcomments&post=30"}],"version-history":[{"count":8,"href":"https:\/\/www.stortech.sk\/index.php?rest_route=\/wp\/v2\/pages\/30\/revisions"}],"predecessor-version":[{"id":86,"href":"https:\/\/www.stortech.sk\/index.php?rest_route=\/wp\/v2\/pages\/30\/revisions\/86"}],"wp:attachment":[{"href":"https:\/\/www.stortech.sk\/index.php?rest_route=%2Fwp%2Fv2%2Fmedia&parent=30"}],"curies":[{"name":"wp","href":"https:\/\/api.w.org\/{rel}","templated":true}]}}