{"id":35,"date":"2016-05-10T19:40:07","date_gmt":"2016-05-10T17:40:07","guid":{"rendered":"http:\/\/www.stortech.sk\/?page_id=35"},"modified":"2016-05-13T22:24:23","modified_gmt":"2016-05-13T20:24:23","slug":"sluzby","status":"publish","type":"page","link":"https:\/\/www.stortech.sk\/?page_id=35","title":{"rendered":"SLU\u017dBY"},"content":{"rendered":"<p style=\"text-align: center;\"><b>Zabezpe\u010dujeme rev\u00edzie reg\u00e1lov\u00fdch syst\u00e9mov<\/b><\/p>\n<p style=\"text-align: center;\"><b> v s\u00falade s EN 15635 <\/b><\/p>\n","protected":false},"excerpt":{"rendered":"<p>Zabezpe\u010dujeme rev\u00edzie reg\u00e1lov\u00fdch syst\u00e9mov v s\u00falade s EN 15635<\/p>\n","protected":false},"author":1,"featured_media":0,"parent":0,"menu_order":0,"comment_status":"closed","ping_status":"closed","template":"full-width-page.php","meta":{"footnotes":""},"aioseo_notices":[],"_links":{"self":[{"href":"https:\/\/www.stortech.sk\/index.php?rest_route=\/wp\/v2\/pages\/35"}],"collection":[{"href":"https:\/\/www.stortech.sk\/index.php?rest_route=\/wp\/v2\/pages"}],"about":[{"href":"https:\/\/www.stortech.sk\/index.php?rest_route=\/wp\/v2\/types\/page"}],"author":[{"embeddable":true,"href":"https:\/\/www.stortech.sk\/index.php?rest_route=\/wp\/v2\/users\/1"}],"replies":[{"embeddable":true,"href":"https:\/\/www.stortech.sk\/index.php?rest_route=%2Fwp%2Fv2%2Fcomments&post=35"}],"version-history":[{"count":2,"href":"https:\/\/www.stortech.sk\/index.php?rest_route=\/wp\/v2\/pages\/35\/revisions"}],"predecessor-version":[{"id":45,"href":"https:\/\/www.stortech.sk\/index.php?rest_route=\/wp\/v2\/pages\/35\/revisions\/45"}],"wp:attachment":[{"href":"https:\/\/www.stortech.sk\/index.php?rest_route=%2Fwp%2Fv2%2Fmedia&parent=35"}],"curies":[{"name":"wp","href":"https:\/\/api.w.org\/{rel}","templated":true}]}}